{"id":8918,"date":"2019-09-23T03:24:33","date_gmt":"2019-09-23T01:24:33","guid":{"rendered":"http:\/\/studiodeladanse.fr\/?page_id=8918"},"modified":"2024-04-22T13:52:55","modified_gmt":"2024-04-22T11:52:55","slug":"percussionscorporelles","status":"publish","type":"page","link":"https:\/\/studiodeladanse.fr\/index.php\/percussionscorporelles\/","title":{"rendered":"Percussions Corporelles"},"content":{"rendered":"<p>[vc_row row_content_width=&#8221;grid&#8221; css=&#8221;.vc_custom_1568815895545{padding-top: 60px !important;padding-bottom: 80px !important;}&#8221;][vc_column]<div class=\"mkdf-elements-holder   mkdf-two-columns  mkdf-responsive-mode-1024 \" ><div class=\"mkdf-eh-item     mkdf-width-1-2\"  data-item-class=\"mkdf-eh-custom-6111\" data-768-1024=\"0 0 50px\" data-680-768=\"0 0 50px\" data-680=\"0 0 50px\">\n\t<div class=\"mkdf-eh-item-inner\">\n\t\t<div class=\"mkdf-eh-item-content mkdf-eh-custom-6111\" style=\"padding: 0 60px 0 0\">\n\t\t\t[vc_single_image image=&#8221;8919&#8243; img_size=&#8221;full&#8221;]\t\t<\/div>\n\t<\/div>\n<\/div><div class=\"mkdf-eh-item     \"  data-item-class=\"mkdf-eh-custom-5020\" data-768-1024=\"0 0 50px\" data-680-768=\"0 0 50px\" data-680=\"0 0 50px\">\n\t<div class=\"mkdf-eh-item-inner\">\n\t\t<div class=\"mkdf-eh-item-content mkdf-eh-custom-5020\" style=\"padding: 0 0 0 15px\">\n\t\t\t<div class=\"mkdf-accordion-holder mkdf-ac-default  mkdf-accordion mkdf-ac-boxed  clearfix\">\n\t<h6 class=\"mkdf-accordion-title\">\n    <span class=\"mkdf-accordion-mark\">\n\t\t<span class=\"mkdf_icon_plus\"><\/span>\n\t\t<span class=\"mkdf_icon_minus\"><\/span>\n\t<\/span>\n\t<span class=\"mkdf-tab-title\">Description<\/span>\n<\/h6>\n<div class=\"mkdf-accordion-content\">\n\t<div class=\"mkdf-accordion-content-inner\">\n\t\t[vc_column_text]Le corps humain est l&#8217;instrument le plus ancien. Les\u00a0<b>percussions corporelles<\/b>\u00a0sont bas\u00e9es sur la notion d&#8217;utiliser uniquement son corps pour faire de la musique et danser en m\u00eame temps. Accessible \u00e0 tous, le corps devient instrument. Les cours se font en baskets propres et tenue souple et confortable.[\/vc_column_text]\t<\/div>\n<\/div><h6 class=\"mkdf-accordion-title\">\n    <span class=\"mkdf-accordion-mark\">\n\t\t<span class=\"mkdf_icon_plus\"><\/span>\n\t\t<span class=\"mkdf_icon_minus\"><\/span>\n\t<\/span>\n\t<span class=\"mkdf-tab-title\">Horaires<\/span>\n<\/h6>\n<div class=\"mkdf-accordion-content\">\n\t<div class=\"mkdf-accordion-content-inner\">\n\t\t[vc_column_text]Ouverture d&#8217;un cours d\u00e8s 8 \u00e9l\u00e8ves, <span style=\"text-decoration: underline;\">se renseigner aupr\u00e8s d&#8217;Armelle<\/span>.[\/vc_column_text]\t<\/div>\n<\/div><h6 class=\"mkdf-accordion-title\">\n    <span class=\"mkdf-accordion-mark\">\n\t\t<span class=\"mkdf_icon_plus\"><\/span>\n\t\t<span class=\"mkdf_icon_minus\"><\/span>\n\t<\/span>\n\t<span class=\"mkdf-tab-title\">Informations<\/span>\n<\/h6>\n<div class=\"mkdf-accordion-content\">\n\t<div class=\"mkdf-accordion-content-inner\">\n\t\t[vc_column_text]<strong>Tenue<\/strong> : comme pour les claquettes mais avec des baskets propres.[\/vc_column_text]\t<\/div>\n<\/div><\/div>\t\t<\/div>\n\t<\/div>\n<\/div><\/div>[\/vc_column][\/vc_row][vc_row full_height=&#8221;yes&#8221; content_placement=&#8221;top&#8221; row_btt_skin=&#8221;light&#8221; css=&#8221;.vc_custom_1568886910671{padding-right: 20px !important;padding-bottom: 23px !important;padding-left: 20px !important;}&#8221; anchor=&#8221;T\u00e9moignage&#8221;][vc_column]<div class=\"mkdf-testimonials-holder mkdf-testimonials-standard   clearfix\"><span class=\"mkdf-testimonials-heading\">Testimonials<\/span><div class=\"mkdf-testimonials mkdf-owl-slider\" data-number-of-items=\"1\" data-enable-loop=\"yes\" data-enable-autoplay=\"yes\" data-slider-speed=\"5000\" data-slider-speed-animation=\"600\" data-enable-navigation=\"yes\" data-enable-pagination=\"no\"><div class=\"mkdf-testimonial-content\" id=\"mkdf-testimonials-9069\">\n\t<div class=\"mkdf-testimonial-text-holder\">\n\t\t\t\t\t<h2 itemprop=\"name\" class=\"mkdf-testimonial-title entry-title\">T\u00e9moignage<\/h2>\n\t\t\t\t\t\t\t<h4 class=\"mkdf-testimonial-text\">Cette salle n\u2019est pas un simple studio mais un lieu ouvert sur le monde, sur les danses et ses danseurs. Une \u00e9cole de danse o\u00f9 nous avons tous et toutes trouv\u00e9 un petit \u00ab quelque chose \u00bb pour construire notre route . La danse, c\u2019est la vie !<\/h4>\n\t\t\t\t\t\t\t<span class=\"mkdf-testimonial-author\">\n\t\t\t\t<span class=\"mkdf-testimonials-author-name\">Marie<\/span>\n\t\t\t\t\t\t\t<\/span>\n\t\t\t<\/div>\n\t<\/div><div class=\"mkdf-testimonial-content\" id=\"mkdf-testimonials-9064\">\n\t<div class=\"mkdf-testimonial-text-holder\">\n\t\t\t\t\t<h2 itemprop=\"name\" class=\"mkdf-testimonial-title entry-title\">T\u00e9moignage<\/h2>\n\t\t\t\t\t\t\t<h4 class=\"mkdf-testimonial-text\">Merci de transmettre avec autant d\u2019enthousiasme et d\u2019\u00e9nergie ta passion, sans rien l\u00e2cher. Nous savons tous qu\u2019aujourd&#039;hui, ces grandes personnes se font rares !<\/h4>\n\t\t\t\t\t\t\t<span class=\"mkdf-testimonial-author\">\n\t\t\t\t<span class=\"mkdf-testimonials-author-name\">Marion<\/span>\n\t\t\t\t\t\t\t<\/span>\n\t\t\t<\/div>\n\t\t\t<div class=\"mkdf-testimonial-image\">\n\t\t\t<img loading=\"lazy\" decoding=\"async\" width=\"66\" height=\"66\" src=\"https:\/\/studiodeladanse.fr\/wp-content\/uploads\/2019\/09\/marion-150x150.jpg\" class=\"attachment-66x66 size-66x66 wp-post-image\" alt=\"\" srcset=\"https:\/\/studiodeladanse.fr\/wp-content\/uploads\/2019\/09\/marion-150x150.jpg 150w, https:\/\/studiodeladanse.fr\/wp-content\/uploads\/2019\/09\/marion-550x550.jpg 550w, https:\/\/studiodeladanse.fr\/wp-content\/uploads\/2019\/09\/marion-1100x1100.jpg 1100w\" sizes=\"auto, (max-width: 66px) 100vw, 66px\" \/>\t\t<\/div>\n\t<\/div><div class=\"mkdf-testimonial-content\" id=\"mkdf-testimonials-9062\">\n\t<div class=\"mkdf-testimonial-text-holder\">\n\t\t\t\t\t<h2 itemprop=\"name\" class=\"mkdf-testimonial-title entry-title\">T\u00e9moignage<\/h2>\n\t\t\t\t\t\t\t<h4 class=\"mkdf-testimonial-text\">J&#039;ai particip\u00e9 \u00e0 de nombreux cours et stages de claquette dans ma vie mais je n&#039;en ai jamais trouv\u00e9 un de si grande qualit\u00e9. L&#039;exigence technique est \u00e0 la hauteur du plaisir qu&#039;on trouve ensuite \u00e0 danser et \u00e0 r\u00e9investir les conseils d&#039;Armelle, prodigu\u00e9s avec une grande douceur : c&#039;est tout dire. Une grande professionnelle \u00e0 la passion communicative. Pr\u00e9cipitez-vous !<\/h4>\n\t\t\t\t\t\t\t<span class=\"mkdf-testimonial-author\">\n\t\t\t\t<span class=\"mkdf-testimonials-author-name\">Fran\u00e7oise<\/span>\n\t\t\t\t\t\t\t<\/span>\n\t\t\t<\/div>\n\t<\/div><div class=\"mkdf-testimonial-content\" id=\"mkdf-testimonials-8928\">\n\t<div class=\"mkdf-testimonial-text-holder\">\n\t\t\t\t\t<h2 itemprop=\"name\" class=\"mkdf-testimonial-title entry-title\">T\u00e9moignage<\/h2>\n\t\t\t\t\t\t\t<h4 class=\"mkdf-testimonial-text\">C&#039;est avec beaucoup de bonheur que Cl\u00e9mence se rend au studio de la danse tous les mercredis depuis 4 ans. Elle y a trouv\u00e9 un endroit exigeant pour structurer toute sa cr\u00e9ativit\u00e9. Elle est ravie. En vrai elle m&#039;a dit : &quot;C&#039;est difficile mais apr\u00e8s, c&#039;est bien !&quot;<\/h4>\n\t\t\t\t\t\t\t<span class=\"mkdf-testimonial-author\">\n\t\t\t\t<span class=\"mkdf-testimonials-author-name\">Delphine et Cl\u00e9mence<\/span>\n\t\t\t\t\t\t\t<\/span>\n\t\t\t<\/div>\n\t<\/div><\/div><\/div>[\/vc_column][\/vc_row]<\/p>\n","protected":false},"excerpt":{"rendered":"<p>[vc_row row_content_width=&#8221;grid&#8221; css=&#8221;.vc_custom_1568815895545{padding-top: 60px !important;padding-bottom: 80px !important;}&#8221;][vc_column][\/vc_column][\/vc_row][vc_row full_height=&#8221;yes&#8221; content_placement=&#8221;top&#8221; row_btt_skin=&#8221;light&#8221; css=&#8221;.vc_custom_1568886910671{padding-right: 20px !important;padding-bottom: 23px !important;padding-left: 20px !important;}&#8221; anchor=&#8221;T\u00e9moignage&#8221;][vc_column][\/vc_column][\/vc_row]<\/p>\n","protected":false},"author":1,"featured_media":0,"parent":0,"menu_order":0,"comment_status":"closed","ping_status":"closed","template":"full-width.php","meta":{"footnotes":""},"class_list":["post-8918","page","type-page","status-publish","hentry"],"_links":{"self":[{"href":"https:\/\/studiodeladanse.fr\/index.php\/wp-json\/wp\/v2\/pages\/8918","targetHints":{"allow":["GET"]}}],"collection":[{"href":"https:\/\/studiodeladanse.fr\/index.php\/wp-json\/wp\/v2\/pages"}],"about":[{"href":"https:\/\/studiodeladanse.fr\/index.php\/wp-json\/wp\/v2\/types\/page"}],"author":[{"embeddable":true,"href":"https:\/\/studiodeladanse.fr\/index.php\/wp-json\/wp\/v2\/users\/1"}],"replies":[{"embeddable":true,"href":"https:\/\/studiodeladanse.fr\/index.php\/wp-json\/wp\/v2\/comments?post=8918"}],"version-history":[{"count":14,"href":"https:\/\/studiodeladanse.fr\/index.php\/wp-json\/wp\/v2\/pages\/8918\/revisions"}],"predecessor-version":[{"id":9696,"href":"https:\/\/studiodeladanse.fr\/index.php\/wp-json\/wp\/v2\/pages\/8918\/revisions\/9696"}],"wp:attachment":[{"href":"https:\/\/studiodeladanse.fr\/index.php\/wp-json\/wp\/v2\/media?parent=8918"}],"curies":[{"name":"wp","href":"https:\/\/api.w.org\/{rel}","templated":true}]}}