{"id":8923,"date":"2019-09-23T13:35:59","date_gmt":"2019-09-23T11:35:59","guid":{"rendered":"https:\/\/studiodeladanse.fr\/?page_id=8923"},"modified":"2024-05-19T00:58:44","modified_gmt":"2024-05-18T22:58:44","slug":"livredor","status":"publish","type":"page","link":"https:\/\/studiodeladanse.fr\/index.php\/livredor\/","title":{"rendered":"Livre d&#8217;or"},"content":{"rendered":"<p>[vc_row][vc_column]<div class=\"mkdf-banner-holder  mkdf-disabled mkdf-banner-hover-moving-image mkdf-banner-info-centered\">\n    <div class=\"mkdf-banner-image\">\n                <div class=\"mkdf-moving-image-holder\"><div class=\"mkdf-moving-image\">\n                    <img loading=\"lazy\" decoding=\"async\" width=\"2560\" height=\"1005\" src=\"https:\/\/studiodeladanse.fr\/wp-content\/uploads\/2024\/05\/LIVRE-DOR-3-scaled-1.jpg\" class=\"attachment-full size-full\" alt=\"\" srcset=\"https:\/\/studiodeladanse.fr\/wp-content\/uploads\/2024\/05\/LIVRE-DOR-3-scaled-1.jpg 2560w, https:\/\/studiodeladanse.fr\/wp-content\/uploads\/2024\/05\/LIVRE-DOR-3-scaled-1-300x118.jpg 300w, https:\/\/studiodeladanse.fr\/wp-content\/uploads\/2024\/05\/LIVRE-DOR-3-scaled-1-1024x402.jpg 1024w, https:\/\/studiodeladanse.fr\/wp-content\/uploads\/2024\/05\/LIVRE-DOR-3-scaled-1-768x302.jpg 768w, https:\/\/studiodeladanse.fr\/wp-content\/uploads\/2024\/05\/LIVRE-DOR-3-scaled-1-1536x603.jpg 1536w\" sizes=\"auto, (max-width: 2560px) 100vw, 2560px\" \/>                <\/div><\/div>\n            <\/div>\n    <div class=\"mkdf-banner-text-holder\" >\n\t    <div class=\"mkdf-banner-text-outer\">\n\t\t    <div class=\"mkdf-banner-text-inner\">\n\t\t                        \t\t\t\t\t\t\t<\/div>\n\t\t<\/div>\n\t<\/div>\n\t<\/div>[\/vc_column][\/vc_row][vc_row][vc_column][vc_tta_pageable no_fill_content_area=&#8221;1&#8243; autoplay=&#8221;10&#8243; active_section=&#8221;1&#8243; tab_position=&#8221;top&#8221;][vc_tta_section title=&#8221;Section 1&#8243; tab_id=&#8221;1569343817855-431a0900-b6af&#8221;]<div class=\"mkdf-testimonials-holder mkdf-testimonials-standard   clearfix\"><span class=\"mkdf-testimonials-heading\">Testimonials<\/span><div class=\"mkdf-testimonials mkdf-owl-slider\" data-number-of-items=\"1\" data-enable-loop=\"yes\" data-enable-autoplay=\"yes\" data-slider-speed=\"5000\" data-slider-speed-animation=\"600\" data-enable-navigation=\"no\" data-enable-pagination=\"no\"><div class=\"mkdf-testimonial-content\" id=\"mkdf-testimonials-8489\">\n\t<div class=\"mkdf-testimonial-text-holder\">\n\t\t\t\t\t<h2 itemprop=\"name\" class=\"mkdf-testimonial-title entry-title\">T\u00e9moignage<\/h2>\n\t\t\t\t\t\t\t<h4 class=\"mkdf-testimonial-text\">C&#039;est dans ton studio que j&#039;ai commenc\u00e9 la danse, l&#039;ann\u00e9e derni\u00e8re \u00e0 15 ans. C&#039;est tard mais tant pis j&#039;aime la danse, c&#039;est ma passion. Tu \u00e9tais tellement agr\u00e9able dans tes cours toujours tr\u00e8s conviviaux. Pas de stress. Tu es une prof qui est vraiment passionn\u00e9e, \u00e0 l&#039;\u00e9coute et aux attentes de ses \u00e9l\u00e8ves. Tu m&#039;as donn\u00e9 l&#039;envol pour aller plus loin... \u00e0 Paris ! Merci Armelle !<\/h4>\n\t\t\t\t\t\t\t<span class=\"mkdf-testimonial-author\">\n\t\t\t\t<span class=\"mkdf-testimonials-author-name\">Eliza<\/span>\n\t\t\t\t\t\t\t<\/span>\n\t\t\t<\/div>\n\t<\/div><\/div><\/div>[\/vc_tta_section][vc_tta_section title=&#8221;Section 2&#8243; tab_id=&#8221;1569343817881-a8a05c50-2010&#8243;]<div class=\"mkdf-testimonials-holder mkdf-testimonials-standard   clearfix\"><span class=\"mkdf-testimonials-heading\">Testimonials<\/span><div class=\"mkdf-testimonials mkdf-owl-slider\" data-number-of-items=\"1\" data-enable-loop=\"yes\" data-enable-autoplay=\"yes\" data-slider-speed=\"5000\" data-slider-speed-animation=\"600\" data-enable-navigation=\"no\" data-enable-pagination=\"no\"><div class=\"mkdf-testimonial-content\" id=\"mkdf-testimonials-8925\">\n\t<div class=\"mkdf-testimonial-text-holder\">\n\t\t\t\t\t<h2 itemprop=\"name\" class=\"mkdf-testimonial-title entry-title\">T\u00e9moignage<\/h2>\n\t\t\t\t\t\t\t<h4 class=\"mkdf-testimonial-text\">Ce que j&#039;aime dans ce Studio, d\u00e9j\u00e0 sa situation g\u00e9ographique ! C&#039;est un plaisir pour moi, de faire le tour du port avant d&#039;arriver au cours... Ensuite, j&#039;aime sa luminosit\u00e9, et son petit volume, dans lequel je me sens bien . Ce que j&#039;aime surtout, c&#039;est le bien- \u00eatre que je ressens en ressortant du cours, d\u00fb \u00e0 ton infatigable \u00e9nergie pour nous faire progresser en nous-m\u00eame... Merci pour ces cours de barre \u00e0 terre ! <\/h4>\n\t\t\t\t\t\t\t<span class=\"mkdf-testimonial-author\">\n\t\t\t\t<span class=\"mkdf-testimonials-author-name\">R\u00e9gine<\/span>\n\t\t\t\t\t\t\t<\/span>\n\t\t\t<\/div>\n\t<\/div><\/div><\/div>[\/vc_tta_section][vc_tta_section title=&#8221;Section&#8221; tab_id=&#8221;1569343967909-1aa24fbc-3dfb&#8221;]<div class=\"mkdf-testimonials-holder mkdf-testimonials-standard   clearfix\"><span class=\"mkdf-testimonials-heading\">Testimonials<\/span><div class=\"mkdf-testimonials mkdf-owl-slider\" data-number-of-items=\"1\" data-enable-loop=\"yes\" data-enable-autoplay=\"yes\" data-slider-speed=\"5000\" data-slider-speed-animation=\"600\" data-enable-navigation=\"no\" data-enable-pagination=\"no\"><div class=\"mkdf-testimonial-content\" id=\"mkdf-testimonials-8926\">\n\t<div class=\"mkdf-testimonial-text-holder\">\n\t\t\t\t\t<h2 itemprop=\"name\" class=\"mkdf-testimonial-title entry-title\">T\u00e9moignage<\/h2>\n\t\t\t\t\t\t\t<h4 class=\"mkdf-testimonial-text\"> D\u00e9j\u00e0 merci pour ton professionnalisme, ta rigueur et ta patience ! Ton courage et ta capacit\u00e9 \u00e0 transmettre tes passions et ta discipline font de toi une professeure incroyable.  En quelques mots, tu m&#039;as beaucoup appris, tu m&#039;as fait \u00e9voluer, tu m&#039;as fait progresser et gr\u00e2ce \u00e0 toi je partage la m\u00eame passion que toi ! Tes cours nous ont fait grandir, \u00e7a nous a permis de trouver un \u00e9chappatoire et de prendre confiance en nous.   Merci pour tout, \u00e0 bient\u00f4t.<\/h4>\n\t\t\t\t\t\t\t<span class=\"mkdf-testimonial-author\">\n\t\t\t\t<span class=\"mkdf-testimonials-author-name\">Enora et Amarine<\/span>\n\t\t\t\t\t\t\t<\/span>\n\t\t\t<\/div>\n\t<\/div><\/div><\/div>[\/vc_tta_section][vc_tta_section title=&#8221;Section&#8221; tab_id=&#8221;1569343968871-af3f40ed-a783&#8243;]<div class=\"mkdf-testimonials-holder mkdf-testimonials-standard   clearfix\"><span class=\"mkdf-testimonials-heading\">Testimonials<\/span><div class=\"mkdf-testimonials mkdf-owl-slider\" data-number-of-items=\"1\" data-enable-loop=\"yes\" data-enable-autoplay=\"yes\" data-slider-speed=\"5000\" data-slider-speed-animation=\"600\" data-enable-navigation=\"no\" data-enable-pagination=\"no\"><div class=\"mkdf-testimonial-content\" id=\"mkdf-testimonials-8928\">\n\t<div class=\"mkdf-testimonial-text-holder\">\n\t\t\t\t\t<h2 itemprop=\"name\" class=\"mkdf-testimonial-title entry-title\">T\u00e9moignage<\/h2>\n\t\t\t\t\t\t\t<h4 class=\"mkdf-testimonial-text\">C&#039;est avec beaucoup de bonheur que Cl\u00e9mence se rend au studio de la danse tous les mercredis depuis 4 ans. Elle y a trouv\u00e9 un endroit exigeant pour structurer toute sa cr\u00e9ativit\u00e9. Elle est ravie. En vrai elle m&#039;a dit : &quot;C&#039;est difficile mais apr\u00e8s, c&#039;est bien !&quot;<\/h4>\n\t\t\t\t\t\t\t<span class=\"mkdf-testimonial-author\">\n\t\t\t\t<span class=\"mkdf-testimonials-author-name\">Delphine et Cl\u00e9mence<\/span>\n\t\t\t\t\t\t\t<\/span>\n\t\t\t<\/div>\n\t<\/div><\/div><\/div>[\/vc_tta_section][vc_tta_section title=&#8221;Section&#8221; tab_id=&#8221;1569343969746-a662ecce-1ac1&#8243;]<div class=\"mkdf-testimonials-holder mkdf-testimonials-standard   clearfix\"><span class=\"mkdf-testimonials-heading\">Testimonials<\/span><div class=\"mkdf-testimonials mkdf-owl-slider\" data-number-of-items=\"1\" data-enable-loop=\"yes\" data-enable-autoplay=\"yes\" data-slider-speed=\"5000\" data-slider-speed-animation=\"600\" data-enable-navigation=\"no\" data-enable-pagination=\"no\"><div class=\"mkdf-testimonial-content\" id=\"mkdf-testimonials-9061\">\n\t<div class=\"mkdf-testimonial-text-holder\">\n\t\t\t\t\t<h2 itemprop=\"name\" class=\"mkdf-testimonial-title entry-title\">T\u00e9moignage<\/h2>\n\t\t\t\t\t\t\t<h4 class=\"mkdf-testimonial-text\">La Barre \u00e0 terre, chez Armelle, est un moment privil\u00e9gi\u00e9 o\u00f9 je ne pense qu\u2019\u00e0 moi, \u00e0 mon corps, \u00e0 ma sant\u00e9. J\u2019ai, gr\u00e2ce \u00e0 cette discipline et toujours sous le regard attentif de mon professeur,  pu me maintenir en grande forme. Pendant trente ans , et oui ! Armelle m\u2019a accueillie \u00e0 son cours, toujours souriante, encourageante, \u00e0 l\u2019\u00e9coute de mes faiblesses physiques. Merci mille fois pour ces merveilleux moments pass\u00e9s au studio !<\/h4>\n\t\t\t\t\t\t\t<span class=\"mkdf-testimonial-author\">\n\t\t\t\t<span class=\"mkdf-testimonials-author-name\">Sylviane<\/span>\n\t\t\t\t\t\t\t<\/span>\n\t\t\t<\/div>\n\t<\/div><\/div><\/div>[\/vc_tta_section][vc_tta_section title=&#8221;Section&#8221; tab_id=&#8221;1569343970486-60a43ce9-b17d&#8221;]<div class=\"mkdf-testimonials-holder mkdf-testimonials-standard   clearfix\"><span class=\"mkdf-testimonials-heading\">Testimonials<\/span><div class=\"mkdf-testimonials mkdf-owl-slider\" data-number-of-items=\"1\" data-enable-loop=\"yes\" data-enable-autoplay=\"yes\" data-slider-speed=\"5000\" data-slider-speed-animation=\"600\" data-enable-navigation=\"no\" data-enable-pagination=\"no\"><div class=\"mkdf-testimonial-content\" id=\"mkdf-testimonials-9062\">\n\t<div class=\"mkdf-testimonial-text-holder\">\n\t\t\t\t\t<h2 itemprop=\"name\" class=\"mkdf-testimonial-title entry-title\">T\u00e9moignage<\/h2>\n\t\t\t\t\t\t\t<h4 class=\"mkdf-testimonial-text\">J&#039;ai particip\u00e9 \u00e0 de nombreux cours et stages de claquette dans ma vie mais je n&#039;en ai jamais trouv\u00e9 un de si grande qualit\u00e9. L&#039;exigence technique est \u00e0 la hauteur du plaisir qu&#039;on trouve ensuite \u00e0 danser et \u00e0 r\u00e9investir les conseils d&#039;Armelle, prodigu\u00e9s avec une grande douceur : c&#039;est tout dire. Une grande professionnelle \u00e0 la passion communicative. Pr\u00e9cipitez-vous !<\/h4>\n\t\t\t\t\t\t\t<span class=\"mkdf-testimonial-author\">\n\t\t\t\t<span class=\"mkdf-testimonials-author-name\">Fran\u00e7oise<\/span>\n\t\t\t\t\t\t\t<\/span>\n\t\t\t<\/div>\n\t<\/div><\/div><\/div>[\/vc_tta_section][vc_tta_section title=&#8221;Section&#8221; tab_id=&#8221;1569343971497-d2fd8874-55c2&#8243;]<div class=\"mkdf-testimonials-holder mkdf-testimonials-standard   clearfix\"><span class=\"mkdf-testimonials-heading\">Testimonials<\/span><div class=\"mkdf-testimonials mkdf-owl-slider\" data-number-of-items=\"1\" data-enable-loop=\"yes\" data-enable-autoplay=\"yes\" data-slider-speed=\"5000\" data-slider-speed-animation=\"600\" data-enable-navigation=\"no\" data-enable-pagination=\"no\"><div class=\"mkdf-testimonial-content\" id=\"mkdf-testimonials-9063\">\n\t<div class=\"mkdf-testimonial-text-holder\">\n\t\t\t\t\t<h2 itemprop=\"name\" class=\"mkdf-testimonial-title entry-title\">T\u00e9moignage<\/h2>\n\t\t\t\t\t\t\t<h4 class=\"mkdf-testimonial-text\">Je m\u2019appelle Juliette, j\u2019ai 9 ans, j\u2019exerce la danse ainsi que les claquettes avec Armelle depuis l\u2019\u00e2ge de mes 4 ans. Je ne la remercierai jamais assez de m\u2019avoir appris le plaisir de danser dans la discipline, la rigueur et la passion. Tous les deux ans, j\u2019ai la chance de participer \u00e0 un spectacle o\u00f9 j\u2019ai longuement r\u00e9p\u00e9t\u00e9 avec des costumes plus beaux les uns que les autres. Le studio \u00e0 une \u00e2me d\u2019une part de son histoire et d\u2019autre part de toutes ces personnes qui ont partag\u00e9 le m\u00eame plaisir. \u00ab Que faisiez-vous au temps chaud ? Dit-elle \u00e0 cette emprunteuse. \u2014 Nuit et jour \u00e0 tout venant Je chantais, ne vous d\u00e9plaise. \u2014 Vous chantiez ? J&#039;en suis fort aise. Eh bien dansez maintenant ! \u00bb  Merci Armelle<\/h4>\n\t\t\t\t\t\t\t<span class=\"mkdf-testimonial-author\">\n\t\t\t\t<span class=\"mkdf-testimonials-author-name\">Juliette<\/span>\n\t\t\t\t\t\t\t<\/span>\n\t\t\t<\/div>\n\t<\/div><\/div><\/div>[\/vc_tta_section][vc_tta_section title=&#8221;Section&#8221; tab_id=&#8221;1569344095116-2117c10f-4d0c&#8221;]<div class=\"mkdf-testimonials-holder mkdf-testimonials-standard   clearfix\"><span class=\"mkdf-testimonials-heading\">Testimonials<\/span><div class=\"mkdf-testimonials mkdf-owl-slider\" data-number-of-items=\"1\" data-enable-loop=\"yes\" data-enable-autoplay=\"yes\" data-slider-speed=\"5000\" data-slider-speed-animation=\"600\" data-enable-navigation=\"no\" data-enable-pagination=\"no\"><div class=\"mkdf-testimonial-content\" id=\"mkdf-testimonials-9064\">\n\t<div class=\"mkdf-testimonial-text-holder\">\n\t\t\t\t\t<h2 itemprop=\"name\" class=\"mkdf-testimonial-title entry-title\">T\u00e9moignage<\/h2>\n\t\t\t\t\t\t\t<h4 class=\"mkdf-testimonial-text\">Merci de transmettre avec autant d\u2019enthousiasme et d\u2019\u00e9nergie ta passion, sans rien l\u00e2cher. Nous savons tous qu\u2019aujourd&#039;hui, ces grandes personnes se font rares !<\/h4>\n\t\t\t\t\t\t\t<span class=\"mkdf-testimonial-author\">\n\t\t\t\t<span class=\"mkdf-testimonials-author-name\">Marion<\/span>\n\t\t\t\t\t\t\t<\/span>\n\t\t\t<\/div>\n\t\t\t<div class=\"mkdf-testimonial-image\">\n\t\t\t<img loading=\"lazy\" decoding=\"async\" width=\"66\" height=\"66\" src=\"https:\/\/studiodeladanse.fr\/wp-content\/uploads\/2019\/09\/marion-150x150.jpg\" class=\"attachment-66x66 size-66x66 wp-post-image\" alt=\"\" srcset=\"https:\/\/studiodeladanse.fr\/wp-content\/uploads\/2019\/09\/marion-150x150.jpg 150w, https:\/\/studiodeladanse.fr\/wp-content\/uploads\/2019\/09\/marion-550x550.jpg 550w, https:\/\/studiodeladanse.fr\/wp-content\/uploads\/2019\/09\/marion-1100x1100.jpg 1100w\" sizes=\"auto, (max-width: 66px) 100vw, 66px\" \/>\t\t<\/div>\n\t<\/div><\/div><\/div>[\/vc_tta_section][vc_tta_section title=&#8221;Section&#8221; tab_id=&#8221;1569344095884-de610d1f-34bb&#8221;]<div class=\"mkdf-testimonials-holder mkdf-testimonials-standard   clearfix\"><span class=\"mkdf-testimonials-heading\">Testimonials<\/span><div class=\"mkdf-testimonials mkdf-owl-slider\" data-number-of-items=\"1\" data-enable-loop=\"yes\" data-enable-autoplay=\"yes\" data-slider-speed=\"5000\" data-slider-speed-animation=\"600\" data-enable-navigation=\"no\" data-enable-pagination=\"no\"><div class=\"mkdf-testimonial-content\" id=\"mkdf-testimonials-9065\">\n\t<div class=\"mkdf-testimonial-text-holder\">\n\t\t\t\t\t<h2 itemprop=\"name\" class=\"mkdf-testimonial-title entry-title\">T\u00e9moignage<\/h2>\n\t\t\t\t\t\t\t<h4 class=\"mkdf-testimonial-text\">Tant de belles ann\u00e9es pass\u00e9es au Studio et de souvenirs magiques et uniques lors des spectacles o\u00f9 Armelle a su me faire confiance depuis si petite. J&#039;ai eu la chance de grandir, \u00e9voluer et tellement progresser en danse durant 15 ann\u00e9es aux c\u00f4t\u00e9s d&#039;Armelle. En commen\u00e7ant par l&#039;\u00e9veil musical, puis le classique avec les bases essentielles transmises avec une grande p\u00e9dagogie et des encouragements si b\u00e9n\u00e9fiques. Enfin, le modern et le modern&#039;jazz, mes cours favoris dans une ambiance g\u00e9niale, o\u00f9 je me suis personnellement \u00e9panouie artistiquement gr\u00e2ce au dynamisme et \u00e0 l&#039;enthousiasme d&#039;Armelle ! Sa passion pour la danse, Armelle me l&#039;a transmise depuis mes premiers pas au Studio, et elle ne m&#039;a jamais quitt\u00e9e : aujourd&#039;hui je suis heureuse de continuer \u00e0 danser le modern&#039;jazz depuis que je suis partie en 2002. Un grand merci Armelle et chapeau l&#039;artiste ! <\/h4>\n\t\t\t\t\t\t\t<span class=\"mkdf-testimonial-author\">\n\t\t\t\t<span class=\"mkdf-testimonials-author-name\">H\u00e9l\u00e8ne<\/span>\n\t\t\t\t\t\t\t<\/span>\n\t\t\t<\/div>\n\t\t\t<div class=\"mkdf-testimonial-image\">\n\t\t\t<img loading=\"lazy\" decoding=\"async\" width=\"66\" height=\"66\" src=\"https:\/\/studiodeladanse.fr\/wp-content\/uploads\/2019\/09\/he\u0301le\u0300ne-150x150.jpg\" class=\"attachment-66x66 size-66x66 wp-post-image\" alt=\"\" srcset=\"https:\/\/studiodeladanse.fr\/wp-content\/uploads\/2019\/09\/he\u0301le\u0300ne-150x150.jpg 150w, https:\/\/studiodeladanse.fr\/wp-content\/uploads\/2019\/09\/he\u0301le\u0300ne-550x550.jpg 550w, https:\/\/studiodeladanse.fr\/wp-content\/uploads\/2019\/09\/he\u0301le\u0300ne-1100x1100.jpg 1100w\" sizes=\"auto, (max-width: 66px) 100vw, 66px\" \/>\t\t<\/div>\n\t<\/div><\/div><\/div>[\/vc_tta_section][vc_tta_section title=&#8221;Section&#8221; tab_id=&#8221;1569344096473-9b5bf6eb-726c&#8221;]<div class=\"mkdf-testimonials-holder mkdf-testimonials-standard   clearfix\"><span class=\"mkdf-testimonials-heading\">Testimonials<\/span><div class=\"mkdf-testimonials mkdf-owl-slider\" data-number-of-items=\"1\" data-enable-loop=\"yes\" data-enable-autoplay=\"yes\" data-slider-speed=\"5000\" data-slider-speed-animation=\"600\" data-enable-navigation=\"no\" data-enable-pagination=\"no\"><div class=\"mkdf-testimonial-content\" id=\"mkdf-testimonials-9066\">\n\t<div class=\"mkdf-testimonial-text-holder\">\n\t\t\t\t\t<h2 itemprop=\"name\" class=\"mkdf-testimonial-title entry-title\">T\u00e9moignage<\/h2>\n\t\t\t\t\t\t\t<h4 class=\"mkdf-testimonial-text\">Quand on parle du studio de la danse et d&#039;Armelle, on ne peut en parler qu&#039;avec le coeur... Peut-\u00eatre parce que c&#039;est son langage, et sa mani\u00e8re \u00e0 elle, de faire passer ce qu&#039;elle sait le mieux faire : nous apprendre la danse. Pendant plus de 10 ans via les cours de classique et de moderne, j&#039;y ai appris la rigueur, la pers\u00e9v\u00e9rance qui permettent pourtant de lib\u00e9rer la cr\u00e9ation et la libert\u00e9 que procure cet art. Armelle a toujours mis toute son \u00e9nergie, sa sensibilit\u00e9 et son coeur pour faire \u00e9voluer ses \u00e9l\u00e8ves dans un professionnalisme et une bienveillance remarquable. J&#039;en garde bien \u00e9videmment un souvenir inoubliable que je garderai avec moi jusque longtemps encore... Alors pour tout \u00e7a, un immense merci !<\/h4>\n\t\t\t\t\t\t\t<span class=\"mkdf-testimonial-author\">\n\t\t\t\t<span class=\"mkdf-testimonials-author-name\">Delphine<\/span>\n\t\t\t\t\t\t\t<\/span>\n\t\t\t<\/div>\n\t\t\t<div class=\"mkdf-testimonial-image\">\n\t\t\t<img loading=\"lazy\" decoding=\"async\" width=\"66\" height=\"66\" src=\"https:\/\/studiodeladanse.fr\/wp-content\/uploads\/2019\/09\/delphine-150x150.jpg\" class=\"attachment-66x66 size-66x66 wp-post-image\" alt=\"\" srcset=\"https:\/\/studiodeladanse.fr\/wp-content\/uploads\/2019\/09\/delphine-150x150.jpg 150w, https:\/\/studiodeladanse.fr\/wp-content\/uploads\/2019\/09\/delphine-300x300.jpg 300w, https:\/\/studiodeladanse.fr\/wp-content\/uploads\/2019\/09\/delphine-550x550.jpg 550w, https:\/\/studiodeladanse.fr\/wp-content\/uploads\/2019\/09\/delphine.jpg 574w\" sizes=\"auto, (max-width: 66px) 100vw, 66px\" \/>\t\t<\/div>\n\t<\/div><\/div><\/div>[\/vc_tta_section][vc_tta_section title=&#8221;Section&#8221; tab_id=&#8221;1569344097064-82be05f2-8ca1&#8243;]<div class=\"mkdf-testimonials-holder mkdf-testimonials-standard   clearfix\"><span class=\"mkdf-testimonials-heading\">Testimonials<\/span><div class=\"mkdf-testimonials mkdf-owl-slider\" data-number-of-items=\"1\" data-enable-loop=\"yes\" data-enable-autoplay=\"yes\" data-slider-speed=\"5000\" data-slider-speed-animation=\"600\" data-enable-navigation=\"no\" data-enable-pagination=\"no\"><div class=\"mkdf-testimonial-content\" id=\"mkdf-testimonials-9067\">\n\t<div class=\"mkdf-testimonial-text-holder\">\n\t\t\t\t\t<h2 itemprop=\"name\" class=\"mkdf-testimonial-title entry-title\">T\u00e9moignage<\/h2>\n\t\t\t\t\t\t\t<h4 class=\"mkdf-testimonial-text\">J&#039;ai fait partie des toutes premi\u00e8res chanceuses \u00e0 venir aux cours de Danse d\u2019Armelle, \u00e0 d\u00e9couvrir le Studio de la Danse, \u00e0 2 pas de mon \u00e9cole et de chez moi. J\u2019ai pass\u00e9 une quinzaine d\u2019ann\u00e9es merveilleuses \u00e0 danser encore et toujours, \u00e0 apprendre la rigueur, la gr\u00e2ce, la d\u00e9termination, la beaut\u00e9, le d\u00e9veloppement et l\u2019acceptation de soi. \u00c0 travers la danse classique, la danse moderne, le jazz et les claquettes j\u2019ai appris et je me suis \u00e9panouie. Mon admiration et mon amiti\u00e9 pour Armelle ont toujours \u00e9t\u00e9 et resteront intactes, je lui dois beaucoup. Si je vivais encore \u00e0 Paimpol j\u2019aurai ador\u00e9 y amener ma fille !!<\/h4>\n\t\t\t\t\t\t\t<span class=\"mkdf-testimonial-author\">\n\t\t\t\t<span class=\"mkdf-testimonials-author-name\">Katell<\/span>\n\t\t\t\t\t\t\t<\/span>\n\t\t\t<\/div>\n\t\t\t<div class=\"mkdf-testimonial-image\">\n\t\t\t<img loading=\"lazy\" decoding=\"async\" width=\"66\" height=\"66\" src=\"https:\/\/studiodeladanse.fr\/wp-content\/uploads\/2019\/09\/katell-150x150.jpg\" class=\"attachment-66x66 size-66x66 wp-post-image\" alt=\"\" srcset=\"https:\/\/studiodeladanse.fr\/wp-content\/uploads\/2019\/09\/katell-150x150.jpg 150w, https:\/\/studiodeladanse.fr\/wp-content\/uploads\/2019\/09\/katell-550x550.jpg 550w, https:\/\/studiodeladanse.fr\/wp-content\/uploads\/2019\/09\/katell-1100x1100.jpg 1100w\" sizes=\"auto, (max-width: 66px) 100vw, 66px\" \/>\t\t<\/div>\n\t<\/div><\/div><\/div>[\/vc_tta_section][vc_tta_section title=&#8221;Section&#8221; tab_id=&#8221;1569344097623-56d33228-535b&#8221;]<div class=\"mkdf-testimonials-holder mkdf-testimonials-standard   clearfix\"><span class=\"mkdf-testimonials-heading\">Testimonials<\/span><div class=\"mkdf-testimonials mkdf-owl-slider\" data-number-of-items=\"1\" data-enable-loop=\"yes\" data-enable-autoplay=\"yes\" data-slider-speed=\"5000\" data-slider-speed-animation=\"600\" data-enable-navigation=\"no\" data-enable-pagination=\"no\"><div class=\"mkdf-testimonial-content\" id=\"mkdf-testimonials-9068\">\n\t<div class=\"mkdf-testimonial-text-holder\">\n\t\t\t\t\t<h2 itemprop=\"name\" class=\"mkdf-testimonial-title entry-title\">T\u00e9moignage<\/h2>\n\t\t\t\t\t\t\t<h4 class=\"mkdf-testimonial-text\">J&#039;ai commenc\u00e9 la danse pour la premi\u00e8re fois dans ton studio \u00e0 8 ans et malgr\u00e9 quelques coupures que la vie nous impose, j&#039;y reviens sans cesse ! D&#039;abord le classique, le moderne, les claquettes pour ne conserver que ma seule passion, les claquettes. Mais qu&#039;importe, toutes les sortes de danses apprises chez toi m&#039;auront permis d&#039;acqu\u00e9rir, rigueur, discipline, investissement... Tu es une professeure g\u00e9n\u00e9reuse, passionn\u00e9e, il ne peut pas r\u00e9sulter de tes cours autre chose que des \u00e9l\u00e8ves passionn\u00e9s \u00e0 leur tour. Je ne peux pas reprendre les claquettes cette ann\u00e9e mais ce n&#039;est que partie remise, en attendant mes pieds dansent tous seuls, constamment, et n&#039;attendent que la reprise !!<\/h4>\n\t\t\t\t\t\t\t<span class=\"mkdf-testimonial-author\">\n\t\t\t\t<span class=\"mkdf-testimonials-author-name\">Chlo\u00e9<\/span>\n\t\t\t\t\t\t\t<\/span>\n\t\t\t<\/div>\n\t<\/div><\/div><\/div>[\/vc_tta_section][vc_tta_section title=&#8221;Section&#8221; tab_id=&#8221;1569344098211-7fbc8000-958f&#8221;]<div class=\"mkdf-testimonials-holder mkdf-testimonials-standard   clearfix\"><span class=\"mkdf-testimonials-heading\">Testimonials<\/span><div class=\"mkdf-testimonials mkdf-owl-slider\" data-number-of-items=\"1\" data-enable-loop=\"yes\" data-enable-autoplay=\"yes\" data-slider-speed=\"5000\" data-slider-speed-animation=\"600\" data-enable-navigation=\"no\" data-enable-pagination=\"no\"><div class=\"mkdf-testimonial-content\" id=\"mkdf-testimonials-9069\">\n\t<div class=\"mkdf-testimonial-text-holder\">\n\t\t\t\t\t<h2 itemprop=\"name\" class=\"mkdf-testimonial-title entry-title\">T\u00e9moignage<\/h2>\n\t\t\t\t\t\t\t<h4 class=\"mkdf-testimonial-text\">Cette salle n\u2019est pas un simple studio mais un lieu ouvert sur le monde, sur les danses et ses danseurs. Une \u00e9cole de danse o\u00f9 nous avons tous et toutes trouv\u00e9 un petit \u00ab quelque chose \u00bb pour construire notre route . La danse, c\u2019est la vie !<\/h4>\n\t\t\t\t\t\t\t<span class=\"mkdf-testimonial-author\">\n\t\t\t\t<span class=\"mkdf-testimonials-author-name\">Marie<\/span>\n\t\t\t\t\t\t\t<\/span>\n\t\t\t<\/div>\n\t<\/div><\/div><\/div>[\/vc_tta_section][\/vc_tta_pageable][\/vc_column][\/vc_row]<\/p>\n","protected":false},"excerpt":{"rendered":"<p>[vc_row][vc_column][\/vc_column][\/vc_row][vc_row][vc_column][vc_tta_pageable no_fill_content_area=&#8221;1&#8243; autoplay=&#8221;10&#8243; active_section=&#8221;1&#8243; tab_position=&#8221;top&#8221;][vc_tta_section title=&#8221;Section 1&#8243; tab_id=&#8221;1569343817855-431a0900-b6af&#8221;][\/vc_tta_section][vc_tta_section title=&#8221;Section 2&#8243; tab_id=&#8221;1569343817881-a8a05c50-2010&#8243;][\/vc_tta_section][vc_tta_section title=&#8221;Section&#8221; tab_id=&#8221;1569343967909-1aa24fbc-3dfb&#8221;][\/vc_tta_section][vc_tta_section title=&#8221;Section&#8221; tab_id=&#8221;1569343968871-af3f40ed-a783&#8243;][\/vc_tta_section][vc_tta_section title=&#8221;Section&#8221; tab_id=&#8221;1569343969746-a662ecce-1ac1&#8243;][\/vc_tta_section][vc_tta_section title=&#8221;Section&#8221; tab_id=&#8221;1569343970486-60a43ce9-b17d&#8221;][\/vc_tta_section][vc_tta_section title=&#8221;Section&#8221; tab_id=&#8221;1569343971497-d2fd8874-55c2&#8243;][\/vc_tta_section][vc_tta_section title=&#8221;Section&#8221; tab_id=&#8221;1569344095116-2117c10f-4d0c&#8221;][\/vc_tta_section][vc_tta_section title=&#8221;Section&#8221; tab_id=&#8221;1569344095884-de610d1f-34bb&#8221;][\/vc_tta_section][vc_tta_section title=&#8221;Section&#8221; tab_id=&#8221;1569344096473-9b5bf6eb-726c&#8221;][\/vc_tta_section][vc_tta_section title=&#8221;Section&#8221; tab_id=&#8221;1569344097064-82be05f2-8ca1&#8243;][\/vc_tta_section][vc_tta_section title=&#8221;Section&#8221; tab_id=&#8221;1569344097623-56d33228-535b&#8221;][\/vc_tta_section][vc_tta_section title=&#8221;Section&#8221; tab_id=&#8221;1569344098211-7fbc8000-958f&#8221;][\/vc_tta_section][\/vc_tta_pageable][\/vc_column][\/vc_row]<\/p>\n","protected":false},"author":1,"featured_media":0,"parent":0,"menu_order":0,"comment_status":"closed","ping_status":"closed","template":"","meta":{"footnotes":""},"class_list":["post-8923","page","type-page","status-publish","hentry"],"_links":{"self":[{"href":"https:\/\/studiodeladanse.fr\/index.php\/wp-json\/wp\/v2\/pages\/8923","targetHints":{"allow":["GET"]}}],"collection":[{"href":"https:\/\/studiodeladanse.fr\/index.php\/wp-json\/wp\/v2\/pages"}],"about":[{"href":"https:\/\/studiodeladanse.fr\/index.php\/wp-json\/wp\/v2\/types\/page"}],"author":[{"embeddable":true,"href":"https:\/\/studiodeladanse.fr\/index.php\/wp-json\/wp\/v2\/users\/1"}],"replies":[{"embeddable":true,"href":"https:\/\/studiodeladanse.fr\/index.php\/wp-json\/wp\/v2\/comments?post=8923"}],"version-history":[{"count":57,"href":"https:\/\/studiodeladanse.fr\/index.php\/wp-json\/wp\/v2\/pages\/8923\/revisions"}],"predecessor-version":[{"id":9755,"href":"https:\/\/studiodeladanse.fr\/index.php\/wp-json\/wp\/v2\/pages\/8923\/revisions\/9755"}],"wp:attachment":[{"href":"https:\/\/studiodeladanse.fr\/index.php\/wp-json\/wp\/v2\/media?parent=8923"}],"curies":[{"name":"wp","href":"https:\/\/api.w.org\/{rel}","templated":true}]}}